{"id":2457,"date":"2024-01-22T17:24:59","date_gmt":"2024-01-22T17:24:59","guid":{"rendered":"http:\/\/162.55.170.227\/?page_id=2457"},"modified":"2024-01-22T17:34:44","modified_gmt":"2024-01-22T17:34:44","slug":"impressum","status":"publish","type":"page","link":"https:\/\/logos-gleisdorf.at\/de\/impressum\/","title":{"rendered":"Impressum"},"content":{"rendered":"<div id=\"fws_69ddf93924851\"  data-column-margin=\"default\" data-midnight=\"dark\"  class=\"wpb_row vc_row-fluid vc_row\"  style=\"padding-top: 0px; padding-bottom: 0px; \"><div class=\"row-bg-wrap\" data-bg-animation=\"none\" data-bg-animation-delay=\"\" data-bg-overlay=\"false\"><div class=\"inner-wrap row-bg-layer\" ><div class=\"row-bg viewport-desktop\"  style=\"\"><\/div><\/div><\/div><div class=\"row_col_wrap_12 col span_12 dark left\">\n\t<div  class=\"vc_col-sm-12 wpb_column column_container vc_column_container col no-extra-padding inherit_tablet inherit_phone\"  data-padding-pos=\"all\" data-has-bg-color=\"false\" data-bg-color=\"\" data-bg-opacity=\"1\" data-animation=\"\" data-delay=\"0\" >\n\t\t<div class=\"vc_column-inner\" >\n\t\t\t<div class=\"wpb_wrapper\">\n\t\t\t\t<div class=\"nectar-split-heading\" data-align=\"default\" data-m-align=\"inherit\" data-text-effect=\"default\" data-animation-type=\"line-reveal-by-space\" data-animation-delay=\"0\" data-animation-offset=\"\" data-m-rm-animation=\"\" data-stagger=\"\" data-custom-font-size=\"false\" ><h1 >Impressum<\/h1><\/div><div class=\"nectar-highlighted-text\" data-style=\"full_text\" data-exp=\"default\" data-using-custom-color=\"false\" data-animation-delay=\"false\" data-color=\"\" data-color-gradient=\"\" style=\"\"><p><strong>Gemeinde \u201eLogos\u201c Gleisdof \u2013 Pfingstkirche Gemeinde Gottes in \u00d6sterreich<\/strong><br \/>Hofst\u00e4tten an der Raab 114, A-8200 Gleisdorf<br \/>logos.gleisdorf@gmail.com<\/p>\n<p><strong>Gemeindevorsteher &amp; leitender Pastor<\/strong>: Traian Supuran<\/p>\n<p><strong>Bankverbindung<\/strong>:<br \/>Volksbank Steiermark AG<br \/>IBAN AT84 4477 0306 5448 0001 BIC VBOEATWWGRA<\/p>\n<hr>\n<p><strong>Pfingstkirche Gemeinde Gottes in \u00d6sterreich<\/strong>&nbsp;ist eine religi\u00f6se Bekenntnisgemeinschaften mit Rechtspers\u00f6hnlichkeit in \u00d6sterrech (BekGG) (erworben gem\u00e4\u00df \u00a7 2 Abs. 1 BekGG 1998)<\/p>\n<p>Pfingstkirche Gemeinde Gottes in \u00d6sterreich (Pfk Gem.Gottes i\u00d6)<br \/>Anschrift (Sitz): Maculangasse 9, 1220 Wien<br \/>Erwerb der Rechtspers\u00f6nlichkeit am 13. Oktober 2001;<br \/>Bescheid vom 21. Dezember 2001, GZ BMBWK-T12.056\/0004-KA\/c\/2001<\/p>\n<p>Nationalvorsteher: Ioan VLAS<br \/>Erster Nationalvorsteher-Stellvertreter: Ioan&nbsp;VLAS<\/p>\n<\/div>\n\t\t\t<\/div> \n\t\t<\/div>\n\t<\/div> \n<\/div><\/div>","protected":false},"excerpt":{"rendered":"Impressum Gemeinde \u201eLogos\u201c Gleisdof \u2013 Pfingstkirche Gemeinde Gottes in \u00d6sterreichHofst\u00e4tten an der Raab 114, A-8200 Gleisdorflogos.gleisdorf@gmail.com Gemeindevorsteher &amp; leitender Pastor: Traian Supuran Bankverbindung:Volksbank Steiermark AGIBAN AT84 4477 0306 5448 0001...","protected":false},"author":1,"featured_media":0,"parent":0,"menu_order":0,"comment_status":"closed","ping_status":"closed","template":"","meta":{"footnotes":""},"class_list":["post-2457","page","type-page","status-publish"],"_links":{"self":[{"href":"https:\/\/logos-gleisdorf.at\/de\/wp-json\/wp\/v2\/pages\/2457","targetHints":{"allow":["GET"]}}],"collection":[{"href":"https:\/\/logos-gleisdorf.at\/de\/wp-json\/wp\/v2\/pages"}],"about":[{"href":"https:\/\/logos-gleisdorf.at\/de\/wp-json\/wp\/v2\/types\/page"}],"author":[{"embeddable":true,"href":"https:\/\/logos-gleisdorf.at\/de\/wp-json\/wp\/v2\/users\/1"}],"replies":[{"embeddable":true,"href":"https:\/\/logos-gleisdorf.at\/de\/wp-json\/wp\/v2\/comments?post=2457"}],"version-history":[{"count":2,"href":"https:\/\/logos-gleisdorf.at\/de\/wp-json\/wp\/v2\/pages\/2457\/revisions"}],"predecessor-version":[{"id":2459,"href":"https:\/\/logos-gleisdorf.at\/de\/wp-json\/wp\/v2\/pages\/2457\/revisions\/2459"}],"wp:attachment":[{"href":"https:\/\/logos-gleisdorf.at\/de\/wp-json\/wp\/v2\/media?parent=2457"}],"curies":[{"name":"wp","href":"https:\/\/api.w.org\/{rel}","templated":true}]}}