{"id":1893,"date":"2023-01-08T19:04:20","date_gmt":"2023-01-08T19:04:20","guid":{"rendered":"http:\/\/162.55.170.227\/?page_id=1893"},"modified":"2026-04-13T18:24:50","modified_gmt":"2026-04-13T18:24:50","slug":"home","status":"publish","type":"page","link":"https:\/\/logos-gleisdorf.at\/de\/","title":{"rendered":"Home"},"content":{"rendered":"<div id=\"fws_69e0d4f2c6aab\"  data-column-margin=\"default\" data-midnight=\"light\" data-top-percent=\"15%\" data-bottom-percent=\"15%\"  class=\"wpb_row vc_row-fluid vc_row full-width-section vc_row-o-equal-height vc_row-flex parallax_section top_padding_tablet_20pct bottom_padding_tablet_25pct\"  style=\"padding-top: calc(100vw * 0.15); padding-bottom: calc(100vw * 0.15); \"><div class=\"row-bg-wrap\" data-bg-animation=\"zoom-out\" data-bg-animation-delay=\"\" data-bg-overlay=\"false\"><div class=\"inner-wrap row-bg-layer using-image\" ><div class=\"row-bg viewport-desktop using-image\" data-parallax-speed=\"fast\" style=\"background-image: url(https:\/\/logos-gleisdorf.at\/wp-content\/uploads\/2023\/01\/bisericalogos_rightsize.jpg); background-position: left top; background-repeat: no-repeat; \"><\/div><\/div><div class=\"row-bg-overlay row-bg-layer\" style=\"background:linear-gradient(116deg, rgba(1,1,1,0.676) 10%, rgba(76,73,73,0.402) 31%, rgba(243,243,243,0.448) 83%);\"><\/div><\/div><div class=\"row_col_wrap_12 col span_12 light left\">\n\t<div  class=\"vc_col-sm-12 wpb_column column_container vc_column_container col centered-text no-extra-padding inherit_tablet inherit_phone\"  data-padding-pos=\"all\" data-has-bg-color=\"false\" data-bg-color=\"\" data-bg-opacity=\"1\" data-animation=\"\" data-delay=\"0\" >\n\t\t<div class=\"vc_column-inner\" >\n\t\t\t<div class=\"wpb_wrapper\">\n\t\t\t\t<div id=\"fws_69e0d4f2c6d26\" data-midnight=\"\" data-column-margin=\"none\" class=\"wpb_row vc_row-fluid vc_row inner_row  bottom_padding_tablet_20px\"  style=\"padding-bottom: 60px; \"><div class=\"row-bg-wrap\"> <div class=\"row-bg\" ><\/div> <\/div><div class=\"row_col_wrap_12_inner col span_12  left\">\n\t<div  class=\"vc_col-sm-2 wpb_column column_container vc_column_container col child_column has-animation no-extra-padding inherit_tablet inherit_phone\"   data-padding-pos=\"all\" data-has-bg-color=\"false\" data-bg-color=\"\" data-bg-opacity=\"1\" data-animation=\"fade-in-from-bottom\" data-delay=\"0\" >\n\t\t<div class=\"vc_column-inner\" >\n\t\t<div class=\"wpb_wrapper\">\n\t\t\t\n\t\t<\/div> \n\t<\/div>\n\t<\/div> \n\n\t<div  class=\"vc_col-sm-8 wpb_column column_container vc_column_container col child_column has-animation no-extra-padding inherit_tablet inherit_phone\"   data-padding-pos=\"all\" data-has-bg-color=\"false\" data-bg-color=\"\" data-bg-opacity=\"1\" data-animation=\"fade-in-from-bottom\" data-delay=\"0\" >\n\t\t<div class=\"vc_column-inner\" >\n\t\t<div class=\"wpb_wrapper\">\n\t\t\t<div class=\"nectar-highlighted-text font_size_11vh\" data-style=\"half_text\" data-exp=\"default\" data-user-color=\"true\" style=\"color: #f8eadc;\" data-using-custom-color=\"true\" data-animation-delay=\"180\" data-color=\"rgba(255,100,22,0.9)\" data-color-gradient=\"rgba(221,168,168,0.4)\"><h1>Willkommen bei<br \/>\n<em>Logos Gleisdorf<\/em><\/h1>\n<\/div>\n\t\t<\/div> \n\t<\/div>\n\t<\/div> \n\n\t<div  class=\"vc_col-sm-2 wpb_column column_container vc_column_container col child_column no-extra-padding inherit_tablet inherit_phone\"   data-padding-pos=\"all\" data-has-bg-color=\"false\" data-bg-color=\"\" data-bg-opacity=\"1\" data-animation=\"\" data-delay=\"0\" >\n\t\t<div class=\"vc_column-inner\" >\n\t\t<div class=\"wpb_wrapper\">\n\t\t\t\n\t\t<\/div> \n\t<\/div>\n\t<\/div> \n<\/div><\/div><div id=\"fws_69e0d4f2c7031\" data-midnight=\"\" data-column-margin=\"default\" class=\"wpb_row vc_row-fluid vc_row inner_row\"  style=\"\"><div class=\"row-bg-wrap\"> <div class=\"row-bg\" ><\/div> <\/div><div class=\"row_col_wrap_12_inner col span_12  left\">\n\t<div  class=\"vc_col-sm-12 wpb_column column_container vc_column_container col child_column has-animation no-extra-padding inherit_tablet inherit_phone\"   data-padding-pos=\"all\" data-has-bg-color=\"false\" data-bg-color=\"\" data-bg-opacity=\"1\" data-animation=\"fade-in-from-bottom\" data-delay=\"600\" >\n\t\t<div class=\"vc_column-inner\" >\n\t\t<div class=\"wpb_wrapper\">\n\t\t\t<div class=\"nectar-cta  hover_color_rgba(68,68,68,0.01) border_color_333333 hover_border_color_rgba(249,249,249,0.01) border_thickness_3px alignment_tablet_default alignment_phone_default display_tablet_inherit display_phone_inherit\" data-color=\"extra-color-3\" data-using-bg=\"true\" data-style=\"see-through\" data-display=\"block\" data-alignment=\"center\" data-text-color=\"std\" ><h3> <span class=\"text\"> <\/span><span class=\"link_wrap\" style=\"padding-top: 2px; padding-right: 6px; padding-bottom: 2px; padding-left: 6px;\"><a target=\"_blank\" class=\"link_text\" role=\"button\" href=\"https:\/\/youtu.be\/EZcRASNGBoY\">LIVE<span class=\"arrow\"><\/span><\/a><\/span><\/h3><\/div>\n\t\t<\/div> \n\t<\/div>\n\t<\/div> \n<\/div><\/div>\n\t\t\t<\/div> \n\t\t<\/div>\n\t<\/div> \n\n\t<div  class=\"vc_col-sm-12 wpb_column column_container vc_column_container col no-extra-padding inherit_tablet inherit_phone\"  data-padding-pos=\"all\" data-has-bg-color=\"false\" data-bg-color=\"\" data-bg-opacity=\"1\" data-animation=\"\" data-delay=\"0\" >\n\t\t<div class=\"vc_column-inner\" >\n\t\t\t<div class=\"wpb_wrapper\">\n\t\t\t\t\n\t\t\t<\/div> \n\t\t<\/div>\n\t<\/div> \n<\/div><\/div>\n\t\t<div id=\"services\"  data-column-margin=\"default\" data-midnight=\"dark\" data-bottom-percent=\"5%\"  class=\"wpb_row vc_row-fluid vc_row full-width-content vc_row-o-equal-height vc_row-flex vc_row-o-content-top\"  style=\"padding-top: 0px; padding-bottom: calc(100vw * 0.05); \"><div class=\"row-bg-wrap\" data-bg-animation=\"none\" data-bg-animation-delay=\"\" data-bg-overlay=\"false\"><div class=\"inner-wrap row-bg-layer\" ><div class=\"row-bg viewport-desktop using-bg-color\"  style=\"background-color: #f9f7f5; \"><\/div><\/div><\/div><div class=\"row_col_wrap_12 col span_12 dark left\">\n\t<div style=\"margin-bottom: 20px; \" class=\"vc_col-sm-12 wpb_column column_container vc_column_container col padding-4-percent inherit_tablet inherit_phone\"  data-padding-pos=\"all\" data-has-bg-color=\"false\" data-bg-color=\"\" data-bg-opacity=\"1\" data-animation=\"\" data-delay=\"0\" >\n\t\t<div class=\"vc_column-inner\" >\n\t\t\t<div class=\"wpb_wrapper\">\n\t\t\t\t\n<div class=\"wpb_text_column wpb_content_element\" >\n\t<div class=\"wpb_wrapper\">\n\t\t<h2 style=\"text-align: center;\">Kommende Veranstaltungen<\/h2>\n\t<\/div>\n<\/div>\n\n\n\n<div id=\"fws_69e0d4f2c7382\" data-midnight=\"\" data-column-margin=\"default\" class=\"wpb_row vc_row-fluid vc_row inner_row vc_row-o-equal-height vc_row-flex\"  style=\"\"><div class=\"row-bg-wrap\"> <div class=\"row-bg\" ><\/div> <\/div><div class=\"row_col_wrap_12_inner col span_12  left\">\n\t<div  class=\"vc_col-sm-4 wpb_column column_container vc_column_container col child_column padding-1-percent inherit_tablet inherit_phone\"   data-padding-pos=\"all\" data-has-bg-color=\"false\" data-bg-color=\"\" data-bg-opacity=\"1\" data-animation=\"\" data-delay=\"0\" >\n\t\t<div class=\"vc_column-inner\" >\n\t\t<div class=\"wpb_wrapper\">\n\t\t\t<div class=\"nectar-flip-box\" data-min-height=\"400\" data-flip-direction=\"horizontal-to-left\" data-h_text_align=\"center\" data-v_text_align=\"center\"><div class=\"flip-box-front\"  data-bg-overlay=\"true\" data-text-color=\"light\" style=\"background-image: url('https:\/\/logos-gleisdorf.at\/wp-content\/uploads\/2023\/05\/valentin-salja-CLvkkjb-i3g-unsplash-scaled.jpg'); background-color: rgba(140,140,140,0.41); min-height: 400px;\"> <div class=\"inner\"><span class=\"im-icon-wrap\" data-color=\"extra-color-gradient-1\"><span><svg role=\"presentation\" version=\"1.1\" xmlns=\"http:\/\/www.w3.org\/2000\/svg\" width=\"60\" height=\"60\" viewbox=\"0 0 32 32\" fill=\"url(#nectar-iconsmind-icon-69e0d4f2c787f)\">\n        <path d=\"M9.28 18.533c-0.187 0-0.373-0.079-0.504-0.232-0.241-0.279-0.209-0.699 0.069-0.94 2.053-1.773 2.803-3.279 3.348-4.381 0.399-0.803 0.743-1.496 1.432-1.893 0.319-0.184 0.727-0.075 0.911 0.244s0.075 0.727-0.244 0.912c-0.34 0.195-0.577 0.672-0.904 1.331-0.564 1.136-1.416 2.849-3.672 4.796-0.127 0.109-0.281 0.164-0.436 0.164zM8 19h-2.667c-2.205 0-4-1.795-4-4v-4.667c0-0.368 0.299-0.667 0.667-0.667h8c0.368 0 0.667 0.299 0.667 0.667v6c0 1.472-1.196 2.667-2.667 2.667zM2.667 11v4c0 1.471 1.196 2.667 2.667 2.667h2.667c0.735 0 1.333-0.599 1.333-1.333v-5.333h-6.667zM2 11.667c-0.368 0-0.667-0.299-0.667-0.667v-5.333c0-0.368 0.299-0.667 0.667-0.667s0.667 0.299 0.667 0.667v5.333c0 0.368-0.299 0.667-0.667 0.667zM4.667 10.333c-0.368 0-0.667-0.299-0.667-0.667v-6.667c0-0.368 0.299-0.667 0.667-0.667s0.667 0.299 0.667 0.667v6.667c0 0.368-0.299 0.667-0.667 0.667zM7.333 10.333c-0.368 0-0.667-0.299-0.667-0.667v-8c0-0.368 0.299-0.667 0.667-0.667s0.667 0.299 0.667 0.667v8c0 0.368-0.299 0.667-0.667 0.667zM10 11.667c-0.368 0-0.667-0.299-0.667-0.667v-8c0-0.368 0.299-0.667 0.667-0.667s0.667 0.299 0.667 0.667v8c0 0.368-0.299 0.667-0.667 0.667zM22.72 18.533c-0.155 0-0.308-0.055-0.436-0.164-2.255-1.945-3.108-3.661-3.672-4.796-0.327-0.659-0.563-1.136-0.904-1.331-0.319-0.185-0.428-0.592-0.245-0.912 0.185-0.32 0.589-0.428 0.912-0.244 0.689 0.397 1.031 1.091 1.432 1.893 0.547 1.101 1.295 2.609 3.348 4.38 0.279 0.241 0.308 0.661 0.069 0.941-0.133 0.156-0.317 0.232-0.504 0.232zM26.667 19h-2.667c-1.472 0-2.667-1.195-2.667-2.667v-6c0-0.368 0.3-0.667 0.667-0.667h8c0.367 0 0.667 0.299 0.667 0.667v4.667c0 2.205-1.795 4-4 4zM22.667 11v5.333c0 0.735 0.599 1.333 1.333 1.333h2.667c1.472 0 2.667-1.196 2.667-2.667v-4h-6.667zM30 11.667c-0.367 0-0.667-0.299-0.667-0.667v-5.333c0-0.368 0.3-0.667 0.667-0.667s0.667 0.299 0.667 0.667v5.333c0 0.368-0.3 0.667-0.667 0.667zM27.333 10.333c-0.367 0-0.667-0.299-0.667-0.667v-6.667c0-0.368 0.3-0.667 0.667-0.667s0.667 0.299 0.667 0.667v6.667c0 0.368-0.3 0.667-0.667 0.667zM24.667 10.333c-0.367 0-0.667-0.299-0.667-0.667v-8c0-0.368 0.3-0.667 0.667-0.667s0.667 0.299 0.667 0.667v8c0 0.368-0.3 0.667-0.667 0.667zM22 11.667c-0.367 0-0.667-0.299-0.667-0.667v-8c0-0.368 0.3-0.667 0.667-0.667s0.667 0.299 0.667 0.667v8c0 0.368-0.3 0.667-0.667 0.667zM8.667 31h-4c-0.368 0-0.667-0.3-0.667-0.667v-12c0-0.367 0.299-0.667 0.667-0.667h4c0.368 0 0.667 0.3 0.667 0.667v12c0 0.367-0.299 0.667-0.667 0.667zM5.333 29.667h2.667v-10.667h-2.667v10.667zM27.333 31h-4c-0.367 0-0.667-0.3-0.667-0.667v-12c0-0.367 0.3-0.667 0.667-0.667h4c0.367 0 0.667 0.3 0.667 0.667v12c0 0.367-0.3 0.667-0.667 0.667zM24 29.667h2.667v-10.667h-2.667v10.667z\"><\/path>\n        <\/svg><svg style=\"height:0;width:0;position:absolute;\" aria-hidden=\"true\" focusable=\"false\">\n\t\t\t\t  <lineargradient id=\"nectar-iconsmind-icon-69e0d4f2c787f\" x2=\"1\" y2=\"1\">\n\t\t\t\t    <stop offset=\"0%\" stop-color=\"#ff5433\" \/>\n\t\t\t\t    <stop offset=\"100%\" stop-color=\"#5694ff\" \/>\n\t\t\t\t  <\/lineargradient>\n\t\t\t\t<\/svg><\/span><\/span><\/p>\n<h3>Conferin\u021ba national\u0103 la St.P\u00f6lten<br \/>\n09.05. - 10.05.2026<\/div> <\/div><div class=\"flip-box-back\"  data-bg-overlay=\"true\" data-text-color=\"light\" style=\"background-image: url('https:\/\/logos-gleisdorf.at\/wp-content\/uploads\/2023\/04\/blank-concrete-white-wall-texture-background.jpg'); background-color: #0a0000; min-height: 400px;\"> <div class=\"inner\">Te invit\u0103m pe 09.05. &#8211; 10.05.2026 la conferin\u021ba na\u021bional\u0103 la St.P\u00f6lten.<\/div> <\/div><\/div>\n\t\t<\/div> \n\t<\/div>\n\t<\/div> \n\n\t<div  class=\"vc_col-sm-4 vc_col-lg-4 vc_col-md-12 wpb_column column_container vc_column_container col child_column has-animation padding-1-percent inherit_tablet inherit_phone\"   data-padding-pos=\"all\" data-has-bg-color=\"false\" data-bg-color=\"\" data-bg-opacity=\"1\" data-animation=\"grow-in\" data-delay=\"0\" >\n\t\t<div class=\"vc_column-inner\" >\n\t\t<div class=\"wpb_wrapper\">\n\t\t\t\n\t\t<\/div> \n\t<\/div>\n\t<\/div> \n\n\t<div  class=\"vc_col-sm-4 wpb_column column_container vc_column_container col child_column padding-1-percent inherit_tablet inherit_phone\"   data-padding-pos=\"all\" data-has-bg-color=\"false\" data-bg-color=\"\" data-bg-opacity=\"1\" data-animation=\"\" data-delay=\"0\" >\n\t\t<div class=\"vc_column-inner\" >\n\t\t<div class=\"wpb_wrapper\">\n\t\t\t<div class=\"nectar-flip-box\" data-min-height=\"400\" data-flip-direction=\"horizontal-to-left\" data-h_text_align=\"center\" data-v_text_align=\"center\"><div class=\"flip-box-front\"  data-bg-overlay=\"\" data-text-color=\"light\" style=\"background-image: url('https:\/\/logos-gleisdorf.at\/wp-content\/uploads\/2023\/05\/ekaterina-novitskaya-gLroHoWh_as-unsplash-scaled.jpg'); background-color: #fff; min-height: 400px;\"> <div class=\"inner\"><span class=\"im-icon-wrap\" data-color=\"extra-color-gradient-1\"><span><svg role=\"presentation\" version=\"1.1\" xmlns=\"http:\/\/www.w3.org\/2000\/svg\" width=\"60\" height=\"60\" viewbox=\"0 0 32 32\" fill=\"url(#nectar-iconsmind-icon-69e0d4f2c7d52)\">\n        <path d=\"M16 17.667c-0.111 0-0.22-0.028-0.319-0.083l-14.667-8c-0.323-0.175-0.443-0.58-0.265-0.904 0.176-0.323 0.583-0.443 0.904-0.267l14.347 7.827 14.348-7.827c0.321-0.176 0.729-0.056 0.905 0.267 0.176 0.324 0.057 0.728-0.267 0.904l-14.667 8c-0.1 0.055-0.209 0.083-0.32 0.083zM30.667 23.667h-29.333c-0.367 0-0.667-0.299-0.667-0.667 0-0.367 0.3-0.667 0.667-0.667h29.333c0.368 0 0.667 0.3 0.667 0.667 0 0.368-0.299 0.667-0.667 0.667z\"><\/path>\n        <\/svg><svg style=\"height:0;width:0;position:absolute;\" aria-hidden=\"true\" focusable=\"false\">\n\t\t\t\t  <lineargradient id=\"nectar-iconsmind-icon-69e0d4f2c7d52\" x2=\"1\" y2=\"1\">\n\t\t\t\t    <stop offset=\"0%\" stop-color=\"#ff5433\" \/>\n\t\t\t\t    <stop offset=\"100%\" stop-color=\"#5694ff\" \/>\n\t\t\t\t  <\/lineargradient>\n\t\t\t\t<\/svg><\/span><\/span><\/p>\n<h3>Gebet mit Bibelvortrag<\/div> <\/div><div class=\"flip-box-back\"  data-bg-overlay=\"true\" data-text-color=\"light\" style=\"background-image: url('https:\/\/logos-gleisdorf.at\/wp-content\/uploads\/2023\/04\/blank-concrete-white-wall-texture-background.jpg'); background-color: #000000; min-height: 400px;\"> <div class=\"inner\">Gebet mit Bibelvortrag<br \/>\nJeden Mittwoch haben wir ab 19:00 Uhr einen Gebetsabend<\/div> <\/div><\/div>\n\t\t<\/div> \n\t<\/div>\n\t<\/div> \n<\/div><\/div>\n\t\t\t<\/div> \n\t\t<\/div>\n\t<\/div> \n<\/div><\/div>\n\t\t<div id=\"fws_69e0d4f2c7f1b\"  data-column-margin=\"default\" data-midnight=\"dark\"  class=\"wpb_row vc_row-fluid vc_row full-width-content vc_row-o-equal-height vc_row-flex vc_row-o-content-top  right_padding_5pct left_padding_5pct nectar-overflow-hidden right_padding_phone_0px left_padding_phone_0px\"  style=\"padding-top: 0px; padding-bottom: 0px; \"><div class=\"row-bg-wrap\" data-bg-animation=\"none\" data-bg-animation-delay=\"\" data-bg-overlay=\"false\"><div class=\"inner-wrap row-bg-layer\" ><div class=\"row-bg viewport-desktop\"  style=\"\"><\/div><\/div><\/div><div class=\"row_col_wrap_12 col span_12 dark left\">\n\t<div  class=\"vc_col-sm-12 wpb_column column_container vc_column_container col has-animation no-extra-padding inherit_tablet inherit_phone mobile-disable-entrance-animation\"  data-padding-pos=\"all\" data-has-bg-color=\"false\" data-bg-color=\"\" data-bg-opacity=\"1\" data-animation=\"fade-in-from-bottom\" data-delay=\"500\" data-animation-offset=\"99%\" >\n\t\t<div class=\"vc_column-inner\" >\n\t\t\t<div class=\"wpb_wrapper\">\n\t\t\t\t\n\t\t\t<\/div> \n\t\t<\/div>\n\t<\/div> \n<\/div><\/div>\n\t\t<div id=\"discover\"  data-column-margin=\"default\" data-midnight=\"dark\" data-top-percent=\"10%\" data-bottom-percent=\"10%\"  class=\"wpb_row vc_row-fluid vc_row full-width-content vc_row-o-equal-height vc_row-flex vc_row-o-content-middle\"  style=\"padding-top: calc(100vw * 0.10); padding-bottom: calc(100vw * 0.10); \"><div class=\"row-bg-wrap\" data-bg-animation=\"none\" data-bg-animation-delay=\"\" data-bg-overlay=\"false\"><div class=\"inner-wrap row-bg-layer using-image\" ><div class=\"row-bg viewport-desktop using-image using-bg-color\"  style=\"background-image: url(https:\/\/logos-gleisdorf.at\/wp-content\/uploads\/2023\/05\/visax-JH5p6inVBKg-unsplash-scaled.jpg); background-position: left top; background-repeat: no-repeat; background-color: #ffffff; \"><\/div><\/div><\/div><div class=\"row_col_wrap_12 col span_12 dark left\">\n\t<div style=\"\" class=\"vc_col-sm-12 wpb_column column_container vc_column_container col no-extra-padding bottom_margin_tablet_-10pct inherit_tablet inherit_phone\" data-using-bg=\"true\" data-padding-pos=\"all\" data-has-bg-color=\"true\" data-bg-color=\"#ffffff\" data-bg-opacity=\"0.1\" data-hover-bg=\"#0a0a0a\" data-hover-bg-opacity=\"0.2\" data-animation=\"\" data-delay=\"0\" >\n\t\t<div class=\"vc_column-inner\" ><div class=\"column-image-bg-wrap column-bg-layer viewport-desktop\" data-bg-pos=\"center center\" data-bg-animation=\"none\" data-bg-overlay=\"false\"><div class=\"inner-wrap\"><div class=\"column-image-bg\" style=\" background-image: url('https:\/\/logos-gleisdorf.at\/wp-content\/uploads\/2023\/05\/visax-JH5p6inVBKg-unsplash-scaled.jpg'); \"><\/div><\/div><\/div><div class=\"column-bg-overlay-wrap column-bg-layer\" data-bg-animation=\"none\"><div class=\"column-bg-overlay\" style=\"opacity: 0.1; background-color: #ffffff;\"><\/div><\/div>\n\t\t\t<div class=\"wpb_wrapper\">\n\t\t\t\t<div id=\"fws_69e0d4f2c8350\" data-midnight=\"\" data-column-margin=\"default\" class=\"wpb_row vc_row-fluid vc_row inner_row vc_row-o-content-middle vc_custom_1684940038773 right_padding_80px left_padding_80px right_padding_tablet_30px right_padding_phone_20px left_padding_tablet_30px left_padding_phone_20px\"  style=\"\"><div class=\"row-bg-wrap\"> <div class=\"row-bg\" ><\/div> <\/div><div class=\"row_col_wrap_12_inner col span_12  left\">\n\t<div  class=\"vc_col-sm-12 wpb_column column_container vc_column_container col child_column centered-text has-animation no-extra-padding inherit_tablet inherit_phone\"   data-padding-pos=\"all\" data-has-bg-color=\"false\" data-bg-color=\"\" data-bg-opacity=\"1\" data-animation=\"fade-in-from-left\" data-delay=\"0\" >\n\t\t<div class=\"vc_column-inner\" >\n\t\t<div class=\"wpb_wrapper\">\n\t\t\t<blockquote class=\"nectar_single_testimonial\" data-color=\"extra-color-2\" data-style=\"bold\"><div class=\"inner\"data-custom-color=\"true\" style=\"color: #ffffff;\"> <p><span class=\"open-quote\">&#8221;<\/span>Ihr sollt dem Herrn, eurem Gott, nachfolgen, ihn sollt ihr f\u00fcrchten, auf seine Gebote sollt ihr achten, auf seine Stimme sollt ihr h\u00f6ren, ihm sollt ihr dienen, an ihm sollt ihr euch fest halten. <\/p><span class=\"wrap\"><span>Gru\u00df der Kirche<\/span><span class=\"title\">Logos Gleisdorf<\/span><\/span><\/div><\/blockquote>\n\t\t<\/div> \n\t<\/div>\n\t<\/div> \n<\/div><\/div>\n\t\t\t<\/div> \n\t\t<\/div>\n\t<\/div> \n<\/div><\/div>","protected":false},"excerpt":{"rendered":"Bine ai venit la Logos Gleisdorf LIVE Urm\u0103toarele Evenimente Conferin\u021ba national\u0103 la St.P\u00f6lten 09.05. - 10.05.2026 Te invit\u0103m pe 09.05. - 10.05.2026 la conferin\u021ba na\u021bional\u0103 la St.P\u00f6lten. Rug\u0103ciune cu studiu...","protected":false},"author":1,"featured_media":0,"parent":0,"menu_order":0,"comment_status":"closed","ping_status":"closed","template":"","meta":{"footnotes":""},"class_list":["post-1893","page","type-page","status-publish"],"_links":{"self":[{"href":"https:\/\/logos-gleisdorf.at\/de\/wp-json\/wp\/v2\/pages\/1893","targetHints":{"allow":["GET"]}}],"collection":[{"href":"https:\/\/logos-gleisdorf.at\/de\/wp-json\/wp\/v2\/pages"}],"about":[{"href":"https:\/\/logos-gleisdorf.at\/de\/wp-json\/wp\/v2\/types\/page"}],"author":[{"embeddable":true,"href":"https:\/\/logos-gleisdorf.at\/de\/wp-json\/wp\/v2\/users\/1"}],"replies":[{"embeddable":true,"href":"https:\/\/logos-gleisdorf.at\/de\/wp-json\/wp\/v2\/comments?post=1893"}],"version-history":[{"count":135,"href":"https:\/\/logos-gleisdorf.at\/de\/wp-json\/wp\/v2\/pages\/1893\/revisions"}],"predecessor-version":[{"id":9011,"href":"https:\/\/logos-gleisdorf.at\/de\/wp-json\/wp\/v2\/pages\/1893\/revisions\/9011"}],"wp:attachment":[{"href":"https:\/\/logos-gleisdorf.at\/de\/wp-json\/wp\/v2\/media?parent=1893"}],"curies":[{"name":"wp","href":"https:\/\/api.w.org\/{rel}","templated":true}]}}